{"id":1533,"date":"2016-12-25T11:15:41","date_gmt":"2016-12-25T11:15:41","guid":{"rendered":"http:\/\/www.coraljoia.es\/?page_id=1533"},"modified":"2019-01-01T19:36:03","modified_gmt":"2019-01-01T19:36:03","slug":"videos","status":"publish","type":"page","link":"https:\/\/www.coraljoia.es\/?page_id=1533","title":{"rendered":"VIDEOS-OBSOLETA"},"content":{"rendered":"<p><strong><a href=\"https:\/\/photos.google.com\/album\/AF1QipNqZTUT1W6Ex3Lof66aHnVPcGW5SDQWWy52cUAi\" target=\"_blank\" rel=\"noopener\"><span style=\"color: #ff6600;\">2018-10-28 Concert a Matar\u00f3 a l&#8217;esgl\u00e8sia de Sant Sim\u00f3.<\/span><\/a><\/strong><\/p>\n<p><strong><span style=\"color: #ff6600;\"><a style=\"color: #ff6600;\" href=\"https:\/\/photos.google.com\/album\/AF1QipOeD3rN1ty4qBgj2_bO1zWxYQxE1d7cxj1lP9E-\" target=\"_blank\" rel=\"noopener\">2018-07-15 Concert amb coral ArtGentum. Cripta Sagrada Fam\u00edlia<\/a><\/span><\/strong><\/p>\n<p><a href=\"https:\/\/photos.google.com\/album\/AF1QipOX2np-UkjpGLt_vZbOUDoB2WbcFGMlQiQvVJZh\" target=\"_blank\" rel=\"noopener\"><span style=\"color: #ff6600;\"><strong>2018-06-30 Actuaci\u00f3 a Chorus Inside International a Lloret de Mar<\/strong><\/span><\/a><\/p>\n<p><span style=\"color: #ff6600;\"><strong>2018-04-22 Concert a Montblanc<\/strong><\/span><\/p>\n<p><strong><span style=\"color: #ff6600;\">2016-11-24 &#8211; Coral Joia Video mannequin challenge &#8211; <a href=\"https:\/\/www.coraljoia.es\/wp-content\/uploads\/2016\/11\/2016-CoralJoia_MC.mp4\">Desc\u00e0rrega<\/a><\/span><\/strong><\/p>\n<div style=\"width: 640px;\" class=\"wp-video\"><video class=\"wp-video-shortcode\" id=\"video-1533-1\" width=\"640\" height=\"360\" preload=\"metadata\" controls=\"controls\"><source type=\"video\/mp4\" src=\"https:\/\/www.coraljoia.es\/wp-content\/uploads\/2016\/11\/2016-CoralJoia_MC.mp4?_=1\" \/><a href=\"https:\/\/www.coraljoia.es\/wp-content\/uploads\/2016\/11\/2016-CoralJoia_MC.mp4\">https:\/\/www.coraljoia.es\/wp-content\/uploads\/2016\/11\/2016-CoralJoia_MC.mp4<\/a><\/video><\/div>\n<p><strong><span style=\"color: #ff6600;\">2016-12-17 Concert Nadal a Alella (Marat\u00f3 TV3)<\/span><\/strong><\/p>\n<table class=\" alignleft\" style=\"width: 900.27px; height: 600px;\">\n<tbody>\n<tr style=\"height: 113.13px;\">\n<td style=\"width: 413.27px; height: 113.13px;\"><div style=\"width: 640px;\" class=\"wp-video\"><video class=\"wp-video-shortcode\" id=\"video-1533-2\" width=\"640\" height=\"360\" preload=\"metadata\" controls=\"controls\"><source type=\"video\/mp4\" src=\"https:\/\/www.coraljoia.es\/wp-content\/uploads\/2016\/12\/2016-12-17-Coral-Alella-AWE-ENTRADA.mp4?_=2\" \/><a href=\"https:\/\/www.coraljoia.es\/wp-content\/uploads\/2016\/12\/2016-12-17-Coral-Alella-AWE-ENTRADA.mp4\">https:\/\/www.coraljoia.es\/wp-content\/uploads\/2016\/12\/2016-12-17-Coral-Alella-AWE-ENTRADA.mp4<\/a><\/video><\/div><\/td>\n<td style=\"width: 413.27px; height: 113.13px;\"><div style=\"width: 640px;\" class=\"wp-video\"><video class=\"wp-video-shortcode\" id=\"video-1533-3\" width=\"640\" height=\"360\" preload=\"metadata\" controls=\"controls\"><source type=\"video\/mp4\" src=\"https:\/\/www.coraljoia.es\/wp-content\/uploads\/2016\/12\/2016-12-17-Coral-Alella-JESUS.mp4?_=3\" \/><a href=\"https:\/\/www.coraljoia.es\/wp-content\/uploads\/2016\/12\/2016-12-17-Coral-Alella-JESUS.mp4\">https:\/\/www.coraljoia.es\/wp-content\/uploads\/2016\/12\/2016-12-17-Coral-Alella-JESUS.mp4<\/a><\/video><\/div><\/td>\n<\/tr>\n<tr style=\"height: 51px;\">\n<td style=\"width: 413.27px; height: 113.13px;\"><div style=\"width: 640px;\" class=\"wp-video\"><video class=\"wp-video-shortcode\" id=\"video-1533-4\" width=\"640\" height=\"360\" preload=\"metadata\" controls=\"controls\"><source type=\"video\/mp4\" src=\"https:\/\/www.coraljoia.es\/wp-content\/uploads\/2016\/12\/2016-12-17-Coral-Alella-ENTRADA-HAIL-HOLLY.mp4?_=4\" \/><a href=\"https:\/\/www.coraljoia.es\/wp-content\/uploads\/2016\/12\/2016-12-17-Coral-Alella-ENTRADA-HAIL-HOLLY.mp4\">https:\/\/www.coraljoia.es\/wp-content\/uploads\/2016\/12\/2016-12-17-Coral-Alella-ENTRADA-HAIL-HOLLY.mp4<\/a><\/video><\/div><\/td>\n<td style=\"width: 413.27px; height: 113.13px;\"><div style=\"width: 640px;\" class=\"wp-video\"><video class=\"wp-video-shortcode\" id=\"video-1533-5\" width=\"640\" height=\"360\" preload=\"metadata\" controls=\"controls\"><source type=\"video\/mp4\" src=\"https:\/\/www.coraljoia.es\/wp-content\/uploads\/2016\/12\/2016-12-17-Coral-Alella-SANTA-NIT.mp4?_=5\" \/><a href=\"https:\/\/www.coraljoia.es\/wp-content\/uploads\/2016\/12\/2016-12-17-Coral-Alella-SANTA-NIT.mp4\">https:\/\/www.coraljoia.es\/wp-content\/uploads\/2016\/12\/2016-12-17-Coral-Alella-SANTA-NIT.mp4<\/a><\/video><\/div><\/td>\n<\/tr>\n<\/tbody>\n<\/table>\n<h2>&nbsp;<\/h2>\n<h2>&nbsp;<\/h2>\n<p>&nbsp;<\/p>\n<p>&nbsp;<\/p>\n<p>&nbsp;<\/p>\n<p>&nbsp;<\/p>\n<p>&nbsp;<\/p>\n<p>&nbsp;<\/p>\n<p>&nbsp;<\/p>\n<p>&nbsp;<\/p>\n<p>&nbsp;<\/p>\n<p>&nbsp;<\/p>\n<p>&nbsp;<\/p>\n<p>&nbsp;<\/p>\n<p>&nbsp;<\/p>\n","protected":false},"excerpt":{"rendered":"<p>2018-10-28 Concert a Matar\u00f3 a l&#8217;esgl\u00e8sia de Sant Sim\u00f3. 2018-07-15 Concert amb coral ArtGentum. Cripta Sagrada Fam\u00edlia 2018-06-30 Actuaci\u00f3 a Chorus Inside International a Lloret de Mar 2018-04-22 Concert a [&hellip;]<\/p>\n","protected":false},"author":1,"featured_media":0,"parent":0,"menu_order":0,"comment_status":"closed","ping_status":"closed","template":"","meta":{"_seopress_robots_primary_cat":"","_seopress_titles_title":"","_seopress_titles_desc":"","_seopress_robots_index":"","ngg_post_thumbnail":0,"_EventAllDay":false,"_EventTimezone":"","_EventStartDate":"","_EventEndDate":"","_EventStartDateUTC":"","_EventEndDateUTC":"","_EventShowMap":false,"_EventShowMapLink":false,"_EventURL":"","_EventCost":"","_EventCostDescription":"","_EventCurrencySymbol":"","_EventCurrencyCode":"","_EventCurrencyPosition":"","_EventDateTimeSeparator":"","_EventTimeRangeSeparator":"","_EventOrganizerID":[],"_EventVenueID":[],"_OrganizerEmail":"","_OrganizerPhone":"","_OrganizerWebsite":"","_VenueAddress":"","_VenueCity":"","_VenueCountry":"","_VenueProvince":"","_VenueState":"","_VenueZip":"","_VenuePhone":"","_VenueURL":"","_VenueStateProvince":"","_VenueLat":"","_VenueLng":"","_VenueShowMap":false,"_VenueShowMapLink":false,"footnotes":""},"class_list":["post-1533","page","type-page","status-publish","hentry"],"_links":{"self":[{"href":"https:\/\/www.coraljoia.es\/index.php?rest_route=\/wp\/v2\/pages\/1533","targetHints":{"allow":["GET"]}}],"collection":[{"href":"https:\/\/www.coraljoia.es\/index.php?rest_route=\/wp\/v2\/pages"}],"about":[{"href":"https:\/\/www.coraljoia.es\/index.php?rest_route=\/wp\/v2\/types\/page"}],"author":[{"embeddable":true,"href":"https:\/\/www.coraljoia.es\/index.php?rest_route=\/wp\/v2\/users\/1"}],"replies":[{"embeddable":true,"href":"https:\/\/www.coraljoia.es\/index.php?rest_route=%2Fwp%2Fv2%2Fcomments&post=1533"}],"version-history":[{"count":11,"href":"https:\/\/www.coraljoia.es\/index.php?rest_route=\/wp\/v2\/pages\/1533\/revisions"}],"predecessor-version":[{"id":1537,"href":"https:\/\/www.coraljoia.es\/index.php?rest_route=\/wp\/v2\/pages\/1533\/revisions\/1537"}],"wp:attachment":[{"href":"https:\/\/www.coraljoia.es\/index.php?rest_route=%2Fwp%2Fv2%2Fmedia&parent=1533"}],"curies":[{"name":"wp","href":"https:\/\/api.w.org\/{rel}","templated":true}]}}