{"id":2382,"date":"2017-09-30T16:22:58","date_gmt":"2017-09-30T16:22:58","guid":{"rendered":"http:\/\/www.coraljoia.es\/?page_id=2382"},"modified":"2017-10-09T16:44:42","modified_gmt":"2017-10-09T16:44:42","slug":"caracteristiques-formatives","status":"publish","type":"page","link":"https:\/\/www.coraljoia.es\/?page_id=2382","title":{"rendered":"CARACTER\u00cdSTIQUES FORMATIVES"},"content":{"rendered":"<h2 style=\"text-align: center;\"><span style=\"color: #0000ff;\">CURS DE DIRECCI\u00d3 SIMF\u00d2NIC-CORAL<\/span><\/h2>\n<h3>TEMPORITZACI\u00d3:<\/h3>\n<h5>Es desenvolupar\u00e0 de novembre del 2017 al mar\u00e7 del 2018 en 12 sessions aproximadament cada 15 dies els dissabtes a la tarda\/mat\u00ed.<\/h5>\n<h3>ESTRUCTURA DEL CURS<\/h3>\n<h5>Cada estudiant tindr\u00e0:<\/h5>\n<ul>\n<li>\n<h5>Bloc 1: Fonaments de la direcci\u00f3 coral i orquestral (gravacions i an\u00e0lisi de les pr\u00e0ctiques)<\/h5>\n<\/li>\n<li>\n<h5>Bloc 2:&nbsp; An\u00e0lisi (des de la perspectiva del director)<\/h5>\n<\/li>\n<li>\n<h5>Bloc 3: Taller de t\u00e8cnica vocal, repertori coral i t\u00e8cniques d\u2019assaig (dos professors convidats)<\/h5>\n<\/li>\n<li>\n<h5>Bloc 4: Confer\u00e8ncia sobre direcci\u00f3 (un director convidat)<\/h5>\n<\/li>\n<li>\n<h5>Bloc 5: Pr\u00e0ctiques amb cor i grup de cambra\/piano (1h 25m cada estudiant + concert)<\/h5>\n<\/li>\n<li>\n<h5>Bloc 6: Pr\u00e0ctiques amb orquestra ( 25m per estudiant + concert)<\/h5>\n<\/li>\n<\/ul>\n<h3><a href=\"https:\/\/www.coraljoia.es\/wp-content\/uploads\/2017\/09\/Presentaci\u00f3-dels-blogs-assignatures.pdf\" target=\"_blank\">Presentaci\u00f3 dels blogs (assignatures)<\/a><\/h3>\n<h3>MATERIALS CURS<\/h3>\n<ul>\n<li>\n<h5>Partitures per correu electr\u00f2nic<\/h5>\n<\/li>\n<li>\n<h5>Gravacions de les pr\u00e0ctiques<\/h5>\n<\/li>\n<li>\n<h5>Diploma acreditatiu.&nbsp;<\/h5>\n<\/li>\n<\/ul>\n","protected":false},"excerpt":{"rendered":"<p>CURS DE DIRECCI\u00d3 SIMF\u00d2NIC-CORAL TEMPORITZACI\u00d3: Es desenvolupar\u00e0 de novembre del 2017 al mar\u00e7 del 2018 en 12 sessions aproximadament cada 15 dies els dissabtes a la tarda\/mat\u00ed. ESTRUCTURA DEL CURS [&hellip;]<\/p>\n","protected":false},"author":1,"featured_media":0,"parent":0,"menu_order":0,"comment_status":"closed","ping_status":"closed","template":"","meta":{"_seopress_robots_primary_cat":"","_seopress_titles_title":"","_seopress_titles_desc":"","_seopress_robots_index":"","ngg_post_thumbnail":0,"_EventAllDay":false,"_EventTimezone":"","_EventStartDate":"","_EventEndDate":"","_EventStartDateUTC":"","_EventEndDateUTC":"","_EventShowMap":false,"_EventShowMapLink":false,"_EventURL":"","_EventCost":"","_EventCostDescription":"","_EventCurrencySymbol":"","_EventCurrencyCode":"","_EventCurrencyPosition":"","_EventDateTimeSeparator":"","_EventTimeRangeSeparator":"","_EventOrganizerID":[],"_EventVenueID":[],"_OrganizerEmail":"","_OrganizerPhone":"","_OrganizerWebsite":"","_VenueAddress":"","_VenueCity":"","_VenueCountry":"","_VenueProvince":"","_VenueState":"","_VenueZip":"","_VenuePhone":"","_VenueURL":"","_VenueStateProvince":"","_VenueLat":"","_VenueLng":"","_VenueShowMap":false,"_VenueShowMapLink":false,"footnotes":""},"class_list":["post-2382","page","type-page","status-publish","hentry"],"_links":{"self":[{"href":"https:\/\/www.coraljoia.es\/index.php?rest_route=\/wp\/v2\/pages\/2382","targetHints":{"allow":["GET"]}}],"collection":[{"href":"https:\/\/www.coraljoia.es\/index.php?rest_route=\/wp\/v2\/pages"}],"about":[{"href":"https:\/\/www.coraljoia.es\/index.php?rest_route=\/wp\/v2\/types\/page"}],"author":[{"embeddable":true,"href":"https:\/\/www.coraljoia.es\/index.php?rest_route=\/wp\/v2\/users\/1"}],"replies":[{"embeddable":true,"href":"https:\/\/www.coraljoia.es\/index.php?rest_route=%2Fwp%2Fv2%2Fcomments&post=2382"}],"version-history":[{"count":11,"href":"https:\/\/www.coraljoia.es\/index.php?rest_route=\/wp\/v2\/pages\/2382\/revisions"}],"predecessor-version":[{"id":2438,"href":"https:\/\/www.coraljoia.es\/index.php?rest_route=\/wp\/v2\/pages\/2382\/revisions\/2438"}],"wp:attachment":[{"href":"https:\/\/www.coraljoia.es\/index.php?rest_route=%2Fwp%2Fv2%2Fmedia&parent=2382"}],"curies":[{"name":"wp","href":"https:\/\/api.w.org\/{rel}","templated":true}]}}