{"id":2395,"date":"2017-09-30T16:57:09","date_gmt":"2017-09-30T16:57:09","guid":{"rendered":"http:\/\/www.coraljoia.es\/?page_id=2395"},"modified":"2017-11-11T16:35:33","modified_gmt":"2017-11-11T16:35:33","slug":"full-inscripcio","status":"publish","type":"page","link":"https:\/\/www.coraljoia.es\/?page_id=2395","title":{"rendered":"INSCRIPCI\u00d3"},"content":{"rendered":"<h2 style=\"text-align: center;\"><span style=\"color: #0000ff;\">CURS DE DIRECCI\u00d3 SIMF\u00d2NIC-CORAL<\/span><\/h2>\n<h3>INSCRIPCI\u00d3<\/h3>\n<h4><strong>Preus del curs: <\/strong><\/h4>\n<table style=\"width: 776px;\">\n<tbody>\n<tr>\n<td style=\"width: 69px;\"><span style=\"color: #0000ff;\"><strong>PREU<\/strong><\/span><\/td>\n<td style=\"width: 286px;\"><span style=\"color: #0000ff;\"><strong>MODALITAT<\/strong><\/span><\/td>\n<td style=\"width: 699px;\"><span style=\"color: #0000ff;\"><strong>SESSIONS<\/strong><\/span><\/td>\n<\/tr>\n<tr>\n<td style=\"width: 69px;\"><span style=\"color: #000000;\"><strong>390\u20ac&nbsp;<\/strong><\/span><\/td>\n<td style=\"width: 286px;\"><span style=\"color: #000000;\"><strong>estudiant actiu<\/strong><\/span><\/td>\n<td style=\"width: 699px;\"><span style=\"color: #000000;\"><strong>&nbsp;Tot el curs (amb diploma d&#8217;assit\u00e8ncia)<\/strong><\/span><\/td>\n<\/tr>\n<tr>\n<td style=\"width: 69px;\"><span style=\"color: #000000;\"><strong>40&nbsp;\u20ac<\/strong><\/span><\/td>\n<td style=\"width: 286px;\"><span style=\"color: #000000;\"><strong>estudiant&nbsp;actiu<\/strong><\/span><\/td>\n<td style=\"width: 699px;\"><span style=\"color: #000000;\"><strong>1 sessi\u00f3 als&nbsp; blogs 1, 2,3&nbsp;i&nbsp;4<\/strong><\/span><\/td>\n<\/tr>\n<tr>\n<td style=\"width: 69px;\"><span style=\"color: #000000;\"><strong>100\u20ac<\/strong><\/span><\/td>\n<td style=\"width: 286px;\"><span style=\"color: #000000;\"><strong>estudiant actiu<\/strong><\/span><\/td>\n<td style=\"width: 699px;\"><span style=\"color: #000000;\"><strong>4 sessions als blogs&nbsp;1, 2, 3, 4<\/strong><\/span><\/td>\n<\/tr>\n<tr>\n<td style=\"width: 69px;\"><span style=\"color: #000000;\"><strong>100 \u20ac<\/strong><\/span><\/td>\n<td style=\"width: 286px;\"><span style=\"color: #000000;\"><strong>oient<\/strong><\/span><\/td>\n<td style=\"width: 699px;\"><span style=\"color: #000000;\"><strong>Tots els blogs<\/strong><\/span><\/td>\n<\/tr>\n<\/tbody>\n<\/table>\n<h4>Documents a enviar:<\/h4>\n<ol>\n<li>\n<h5><a href=\"https:\/\/www.coraljoia.es\/wp-content\/uploads\/2017\/09\/Full-Inscripcci\u00f3-Curs.docx\" target=\"_blank\" rel=\"noopener\">Butlleta d&#8217;inscripci\u00f3<\/a>&nbsp;(Cliqueu l&#8217;enlla\u00e7 per descarregar)<\/h5>\n<\/li>\n<li>\n<h5>Resguard bancari<\/h5>\n<\/li>\n<li>\n<h5>Fotocopia DNI<\/h5>\n<\/li>\n<\/ol>\n<h5>El pagament l\u2019heu de fer mitjan\u00e7ant ingr\u00e9s bancari o transfer\u00e8ncia al n\u00fam. de compte :<\/h5>\n<h5 style=\"text-align: left; padding-left: 30px;\">IBAN ES28 2100 3238 7325 0003 4913&nbsp;<\/h5>\n<h5 style=\"text-align: left; padding-left: 30px;\">Entitat: LA CAIXA &nbsp;<\/h5>\n<h5 style=\"text-align: left; padding-left: 30px;\">Titular:&nbsp;Coral Joia d&#8217;Alella (Recordeu d&#8217;informar del vostre nom al concepte)<\/h5>\n<h5>Cal&nbsp;lliurar &nbsp;els documents a <strong>info@coraljoia.es&nbsp;<\/strong>&nbsp;abans&nbsp; de&nbsp; les 24 hores del <strong>dilluns 20 de novembre&nbsp;del 2017<\/strong>.&nbsp;<\/h5>\n","protected":false},"excerpt":{"rendered":"<p>CURS DE DIRECCI\u00d3 SIMF\u00d2NIC-CORAL INSCRIPCI\u00d3 Preus del curs: PREU MODALITAT SESSIONS 390\u20ac&nbsp; estudiant actiu &nbsp;Tot el curs (amb diploma d&#8217;assit\u00e8ncia) 40&nbsp;\u20ac estudiant&nbsp;actiu 1 sessi\u00f3 als&nbsp; blogs 1, 2,3&nbsp;i&nbsp;4 100\u20ac estudiant [&hellip;]<\/p>\n","protected":false},"author":1,"featured_media":0,"parent":0,"menu_order":0,"comment_status":"closed","ping_status":"closed","template":"","meta":{"_seopress_robots_primary_cat":"","_seopress_titles_title":"","_seopress_titles_desc":"","_seopress_robots_index":"","ngg_post_thumbnail":0,"_EventAllDay":false,"_EventTimezone":"","_EventStartDate":"","_EventEndDate":"","_EventStartDateUTC":"","_EventEndDateUTC":"","_EventShowMap":false,"_EventShowMapLink":false,"_EventURL":"","_EventCost":"","_EventCostDescription":"","_EventCurrencySymbol":"","_EventCurrencyCode":"","_EventCurrencyPosition":"","_EventDateTimeSeparator":"","_EventTimeRangeSeparator":"","_EventOrganizerID":[],"_EventVenueID":[],"_OrganizerEmail":"","_OrganizerPhone":"","_OrganizerWebsite":"","_VenueAddress":"","_VenueCity":"","_VenueCountry":"","_VenueProvince":"","_VenueState":"","_VenueZip":"","_VenuePhone":"","_VenueURL":"","_VenueStateProvince":"","_VenueLat":"","_VenueLng":"","_VenueShowMap":false,"_VenueShowMapLink":false,"footnotes":""},"class_list":["post-2395","page","type-page","status-publish","hentry"],"_links":{"self":[{"href":"https:\/\/www.coraljoia.es\/index.php?rest_route=\/wp\/v2\/pages\/2395","targetHints":{"allow":["GET"]}}],"collection":[{"href":"https:\/\/www.coraljoia.es\/index.php?rest_route=\/wp\/v2\/pages"}],"about":[{"href":"https:\/\/www.coraljoia.es\/index.php?rest_route=\/wp\/v2\/types\/page"}],"author":[{"embeddable":true,"href":"https:\/\/www.coraljoia.es\/index.php?rest_route=\/wp\/v2\/users\/1"}],"replies":[{"embeddable":true,"href":"https:\/\/www.coraljoia.es\/index.php?rest_route=%2Fwp%2Fv2%2Fcomments&post=2395"}],"version-history":[{"count":12,"href":"https:\/\/www.coraljoia.es\/index.php?rest_route=\/wp\/v2\/pages\/2395\/revisions"}],"predecessor-version":[{"id":2476,"href":"https:\/\/www.coraljoia.es\/index.php?rest_route=\/wp\/v2\/pages\/2395\/revisions\/2476"}],"wp:attachment":[{"href":"https:\/\/www.coraljoia.es\/index.php?rest_route=%2Fwp%2Fv2%2Fmedia&parent=2395"}],"curies":[{"name":"wp","href":"https:\/\/api.w.org\/{rel}","templated":true}]}}