{"id":2469,"date":"2017-10-25T16:50:10","date_gmt":"2017-10-25T16:50:10","guid":{"rendered":"http:\/\/www.coraljoia.es\/?page_id=2469"},"modified":"2017-10-25T16:55:08","modified_gmt":"2017-10-25T16:55:08","slug":"curs-direccio-simfonic-coral-repertori","status":"publish","type":"page","link":"https:\/\/www.coraljoia.es\/?page_id=2469","title":{"rendered":"CURS DIRECCI\u00d3 SIMFONIC-CORAL: REPERTORI"},"content":{"rendered":"<h2 style=\"text-align: center;\"><span style=\"color: #0000ff;\">CURS DE DIRECCI\u00d3 SIMF\u00d2NIC-CORAL<\/span><\/h2>\n<h3>REPERTORI DEL CURS<\/h3>\n<h5>Es treballaran totes aquestes peces durant el curs (partitures facilitades per l\u2019organitzaci\u00f3 via correu electr\u00f2nic)<\/h5>\n<ol>\n<li>Amor que tens ma vida (Pavana) de Jehan Tabourot (Thoinot Arbeau) (a capella)<\/li>\n<li>Jes\u00fas bleibet meine freude (de la cantata BWV 147). J.S. BACH) (amb orquestra)<\/li>\n<li>Duo fuffo di due gatti (arr. &amp; orqu. Jordi Lalanza)<\/li>\n<li>O Nuit de Jean Philippe Raumeau (a capella)<\/li>\n<li>For the Beauty ot the heart de John Rutter (orquestra)<\/li>\n<li>Hallelujahde Leonard Cohen (amb piano)<\/li>\n<li>Himne dels pirates de Xavier bru de Sala\/Albert Guinovart (amb piano)<\/li>\n<li>La gavina (Havanera) de Frederic Sir\u00e9s. Arr. Josep Custems ( a capella)<\/li>\n<li>Brindis de la traviatta de G. Verdi (orquestra)<\/li>\n<li>Tres Canons de Mozart (difficcile lectu, bona nox, \u201cO du eselhafter Peierl\u201d) (a capella)<\/li>\n<li>Torroella (sardana) de Vicens Bou (amb piano)<\/li>\n<li>Good Night sweet heart. Text and Melody: Calvin Carter\/James Hudson. Music: Robert Sund (a capella)<\/li>\n<li>Riu, riu, riu (cancionero de Upsala) ( a capella)<\/li>\n<li>Mas vale trocat de Juan de la Encina. (a capella)<\/li>\n<\/ol>\n<h5>Aix\u00ed com fragments d\u2019altres peces que siguin d\u2019especial inter\u00e8s pels estudiants i que serveixin per mostrar aspectes interessants per a la direcci\u00f3 simf\u00f3nico-coral.<\/h5>\n","protected":false},"excerpt":{"rendered":"<p>CURS DE DIRECCI\u00d3 SIMF\u00d2NIC-CORAL REPERTORI DEL CURS Es treballaran totes aquestes peces durant el curs (partitures facilitades per l\u2019organitzaci\u00f3 via correu electr\u00f2nic) Amor que tens ma vida (Pavana) de Jehan [&hellip;]<\/p>\n","protected":false},"author":1,"featured_media":0,"parent":0,"menu_order":0,"comment_status":"closed","ping_status":"closed","template":"","meta":{"_seopress_robots_primary_cat":"","_seopress_titles_title":"","_seopress_titles_desc":"","_seopress_robots_index":"","ngg_post_thumbnail":0,"_EventAllDay":false,"_EventTimezone":"","_EventStartDate":"","_EventEndDate":"","_EventStartDateUTC":"","_EventEndDateUTC":"","_EventShowMap":false,"_EventShowMapLink":false,"_EventURL":"","_EventCost":"","_EventCostDescription":"","_EventCurrencySymbol":"","_EventCurrencyCode":"","_EventCurrencyPosition":"","_EventDateTimeSeparator":"","_EventTimeRangeSeparator":"","_EventOrganizerID":[],"_EventVenueID":[],"_OrganizerEmail":"","_OrganizerPhone":"","_OrganizerWebsite":"","_VenueAddress":"","_VenueCity":"","_VenueCountry":"","_VenueProvince":"","_VenueState":"","_VenueZip":"","_VenuePhone":"","_VenueURL":"","_VenueStateProvince":"","_VenueLat":"","_VenueLng":"","_VenueShowMap":false,"_VenueShowMapLink":false,"footnotes":""},"class_list":["post-2469","page","type-page","status-publish","hentry"],"_links":{"self":[{"href":"https:\/\/www.coraljoia.es\/index.php?rest_route=\/wp\/v2\/pages\/2469","targetHints":{"allow":["GET"]}}],"collection":[{"href":"https:\/\/www.coraljoia.es\/index.php?rest_route=\/wp\/v2\/pages"}],"about":[{"href":"https:\/\/www.coraljoia.es\/index.php?rest_route=\/wp\/v2\/types\/page"}],"author":[{"embeddable":true,"href":"https:\/\/www.coraljoia.es\/index.php?rest_route=\/wp\/v2\/users\/1"}],"replies":[{"embeddable":true,"href":"https:\/\/www.coraljoia.es\/index.php?rest_route=%2Fwp%2Fv2%2Fcomments&post=2469"}],"version-history":[{"count":4,"href":"https:\/\/www.coraljoia.es\/index.php?rest_route=\/wp\/v2\/pages\/2469\/revisions"}],"predecessor-version":[{"id":2474,"href":"https:\/\/www.coraljoia.es\/index.php?rest_route=\/wp\/v2\/pages\/2469\/revisions\/2474"}],"wp:attachment":[{"href":"https:\/\/www.coraljoia.es\/index.php?rest_route=%2Fwp%2Fv2%2Fmedia&parent=2469"}],"curies":[{"name":"wp","href":"https:\/\/api.w.org\/{rel}","templated":true}]}}